{"id":23,"date":"2018-09-22T09:24:38","date_gmt":"2018-09-22T09:24:38","guid":{"rendered":"http:\/\/localhost:8888\/?page_id=23"},"modified":"2020-02-17T07:00:02","modified_gmt":"2020-02-17T06:00:02","slug":"about","status":"publish","type":"page","link":"https:\/\/www.tibon.com.tr\/tr\/about\/","title":{"rendered":"HAKKIMIZDA"},"content":{"rendered":"<div id=\"pl-23\"  class=\"panel-layout\" ><div id=\"pg-23-0\"  class=\"panel-grid panel-no-style\" ><div id=\"pgc-23-0-0\"  class=\"panel-grid-cell\" ><div id=\"panel-23-0-0-0\" class=\"so-panel widget widget_sow-editor panel-first-child panel-last-child\" data-index=\"0\" ><div\n\t\t\t\n\t\t\tclass=\"so-widget-sow-editor so-widget-sow-editor-base\"\n\t\t\t\n\t\t>\n<div class=\"siteorigin-widget-tinymce textwidget\">\n\t<h3 style=\"text-align: center;\">Hakk\u0131m\u0131zda<\/h3>\n<p class=\"p1\"><img loading=\"lazy\" decoding=\"async\" class=\"alignleft wp-image-2380\" src=\"http:\/\/www.tibon.com.tr\/wp-content\/uploads\/2019\/01\/FactoryEntrance-e1550866623891.png\" alt=\"Factory Main Entrance\" width=\"400\" height=\"233\" srcset=\"https:\/\/www.tibon.com.tr\/wp-content\/uploads\/2019\/01\/FactoryEntrance-e1550866623891.png 600w, https:\/\/www.tibon.com.tr\/wp-content\/uploads\/2019\/01\/FactoryEntrance-e1550866623891-300x175.png 300w\" sizes=\"auto, (max-width: 400px) 100vw, 400px\" \/><\/p>\n<p>Tibon Elektrik Bili\u015fim San ve Tic Ltd \u015eti 2008 y\u0131l\u0131nda, 30 y\u0131ll\u0131k elektrik malzemeleri ve plastik madde \u00fcretim ve imalat deneyimi \u00fczerine in\u015faa edilmi\u015f bir firmad\u0131r.<\/p>\n<p><span class=\"s1\">Ana \u00fcr\u00fcn gruplar\u0131m\u0131z \u00e7evirmeli anahtarlar\u0131 (rotary switch), basma buton anahtarlar\u0131 (push button) ve tu\u015flu anahtarlar\u0131 i\u00e7erir.\u00a0<\/span><span class=\"s1\">\u00dcr\u00fcnlerimiz yayg\u0131n olarak elektrikli ev aletlerinde kullan\u0131l\u0131r (\u0131s\u0131tma, pi\u015firme ve y\u0131kama gibi).<\/span><\/p>\n<p><span class=\"s1\">Tibon, otomasyon ve artt\u0131r\u0131lm\u0131\u015f imalat esnekli\u011fi sayesinde \u00fcr\u00fcnlerini m\u00fc\u015fterilerinin \u00f6zel taleplerine k\u0131sa zamanda adapte edebilir. \u00c7e\u015fitli hammadde ve \/ veya tasar\u0131m, y\u00fcksek kalite standartlar\u0131m\u0131z\u0131 korurken tamamlamam\u0131z\u0131 sa\u011flar\u00a0<\/span><\/p>\n<p><span class=\"s1\">En ba\u015f\u0131nda kurulan m\u00fc\u015fteri memnuniyeti politikam\u0131z, i\u00e7 pazarda tan\u0131nm\u0131\u015f bir marka haline gelmede \u00f6nemli bir rol oynam\u0131\u015ft\u0131r. Ayn\u0131 politika, d\u00fcnya \u00e7ap\u0131ndaki farkl\u0131 pazarlarda ve yayg\u0131n olarak takdir edilen \u00fcr\u00fcnlerdeki varl\u0131\u011f\u0131m\u0131za yol a\u00e7an Uluslararas\u0131 m\u00fc\u015fterilere de uyguland\u0131.\u00a0<\/span><\/p>\n<p><span class=\"s1\">Ar-Ge'ye yap\u0131lan yat\u0131r\u0131m, s\u00fcrekli \u00fcr\u00fcnlerin geli\u015fimini genellikle proaktif bir \u015fekilde garanti eder. Y\u00fcksek derecede \u00fcretim otomasyonu, y\u00fcksek kalite standard\u0131m\u0131z\u0131n ve para i\u00e7in m\u00fckemmel de\u011ferimizin temelini olu\u015fturmaktad\u0131r. <\/span><\/p>\n<p><span class=\"s1\">Firmam\u0131z ISO 9001:2015 kalite sistem sertifikas\u0131na sahiptir ve t\u00fcm \u00fcretim s\u00fcre\u00e7lerimiz standard\u0131n kurallar\u0131 dahilinde uygulan\u0131r. \u00dcr\u00fcnlerimiz TUV Rheinland sertifikas\u0131 ile global standardlara uygun olarak \u00fcretirilir.\u00a0<\/span><\/p>\n<p><span class=\"s1\">Seri \u00fcretim i\u00e7in bir \u00fcr\u00fcn sunmadan \u00f6nce, muhtemelen kar\u015f\u0131la\u015faca\u011f\u0131ndan \u00e7ok daha zorlu ko\u015fullarda kapsaml\u0131 testlere tabi tutulur. Bu, bir \u00fcr\u00fcn \u00fcretim hatt\u0131na girdi\u011finde, m\u00fc\u015fterilere g\u00f6nderilmeye haz\u0131r olarak onaylanmadan \u00f6nce ge\u00e7mesi gereken farkl\u0131 kalite kontrol seviyelerinden kolayca ge\u00e7mesini sa\u011flar.\u00a0<\/span><\/p>\n<p><span class=\"s1\">Temel de\u011ferimiz M\u00fc\u015fteri Memnuniyetidir. Bu ama\u00e7la \u00fcr\u00fcnlerimiz sadece y\u00fcksek kalite standartlar\u0131na sahip olmakla kalmay\u0131p, ayn\u0131 zamanda y\u00fczy\u00fcze m\u00fc\u015fteri ili\u015fkilerimiz de ayn\u0131 modeli izlemektedir.\u00a0<\/span><\/p>\n<p><span class=\"s1\">Tek bir etiket alt\u0131nda Tasar\u0131m, \u00dcretim, Da\u011f\u0131t\u0131m ve \u0130\u015fbirli\u011fi Yap\u0131yoruz: KAL\u0130TE<\/span><\/p>\n<p>&nbsp;<\/p>\n<\/div>\n<\/div><\/div><\/div><\/div><div id=\"pg-23-1\"  class=\"panel-grid panel-no-style\" ><div id=\"pgc-23-1-0\"  class=\"panel-grid-cell\" ><div id=\"panel-23-1-0-0\" class=\"so-panel widget widget_sow-editor panel-first-child panel-last-child\" data-index=\"1\" ><div\n\t\t\t\n\t\t\tclass=\"so-widget-sow-editor so-widget-sow-editor-base\"\n\t\t\t\n\t\t>\n<div class=\"siteorigin-widget-tinymce textwidget\">\n\t<h3 style=\"text-align: center;\">Kalite Politikas\u0131<\/h3>\n<p><img loading=\"lazy\" decoding=\"async\" class=\"alignleft wp-image-198\" src=\"http:\/\/www.tibon.com.tr\/wp-content\/uploads\/2018\/09\/IMG_4080-1170x450@2x-e1538485191141.jpg\" alt=\"Lab Wide Angle\" width=\"400\" height=\"269\" srcset=\"https:\/\/www.tibon.com.tr\/wp-content\/uploads\/2018\/09\/IMG_4080-1170x450@2x-e1538485191141.jpg 486w, https:\/\/www.tibon.com.tr\/wp-content\/uploads\/2018\/09\/IMG_4080-1170x450@2x-e1538485191141-300x202.jpg 300w, https:\/\/www.tibon.com.tr\/wp-content\/uploads\/2018\/09\/IMG_4080-1170x450@2x-e1538485191141-272x182.jpg 272w\" sizes=\"auto, (max-width: 400px) 100vw, 400px\" \/>Tibon Elektrik olarak, ISO 9001 standard\u0131n\u0131n gereklerini yerine getirecek bir kalite y\u00f6netim sistemi kurmay\u0131 ve gereksinimleri en \u00fcst d\u00fczeyde uygulamay\u0131 hedeflemekteyiz.<\/p>\n<p>\u00dcr\u00fcn ve hizmet kalitesi ile m\u00fc\u015fteri memnuniyetini \u00fcst seviyede tutmay\u0131, \u015firketimizi ileriye ta\u015f\u0131mak i\u00e7in verimlili\u011fimizi ve rekabet g\u00fcc\u00fcm\u00fcz\u00fc artt\u0131racak \u015fekilde \u00fcr\u00fcnlerimizi ve s\u00fcre\u00e7lerimizi s\u00fcrekli iyile\u015ftirmeyi temel politika olarak benimsemekteyiz.<\/p>\n<p>Kalite politikam\u0131z\u0131 ger\u00e7ekle\u015ftirmek amac\u0131yla m\u00fc\u015fteri, \u00fcretici ve tedarik\u00e7ilerimizin; \u00fcr\u00fcnlerimiz ve faaliyetlerimiz ile ilgili ihtiya\u00e7 ve beklentilerinin saptamay\u0131 ve \u00f6l\u00e7meyi, hatas\u0131z s\u00fcre\u00e7 tasar\u0131m\u0131nda yo\u011funla\u015fmay\u0131 ve bu do\u011frultuda ilerlemeyi ama\u00e7lamaktay\u0131z.<\/p>\n<p>\u015eirket olarak \u00e7al\u0131\u015fanlar\u0131m\u0131z i\u00e7in uygun \u00e7al\u0131\u015fma ortam\u0131n\u0131 ve ko\u015fullar\u0131n\u0131 sa\u011flamak, \u00e7al\u0131\u015fanlar\u0131n \u015firketin i\u015fleyi\u015fine kat\u0131l\u0131m\u0131n\u0131 te\u015fvik etmek ve tak\u0131m \u00e7al\u0131\u015fmas\u0131na \u00f6zendirmek kalite politikam\u0131z\u0131n \u00f6nemli bir par\u00e7as\u0131d\u0131r.<\/p>\n<p><strong>Bunlar\u0131 yaparken; Yasal \u015eartlar\u0131 ve Risk Analizini dikkate almaktay\u0131z.<\/strong><\/p>\n<p>Bu do\u011frultuda; kalitesi, m\u00fc\u015fteri odakl\u0131 \u00e7al\u0131\u015fmas\u0131 ve \u00e7al\u0131\u015fanlar\u0131na verdi\u011fi de\u011fer ile Tibon markas\u0131n\u0131 yurt i\u00e7i ve yurtd\u0131\u015f\u0131nda g\u00fcvenilir ve aranan bir firma yapma yolunda ilerlemekteyiz.<\/p>\n<p>&nbsp;<\/p>\n<\/div>\n<\/div><\/div><\/div><\/div><div id=\"pg-23-2\"  class=\"panel-grid panel-has-style\" ><div class=\"siteorigin-panels-stretch panel-row-style panel-row-style-for-23-2\" id=\"contact\" data-stretch-type=\"full\" ><div id=\"pgc-23-2-0\"  class=\"panel-grid-cell\" ><div id=\"panel-23-2-0-0\" class=\"so-panel widget widget_sow-editor panel-first-child panel-last-child\" data-index=\"2\" ><div id=\"contact\" class=\"panel-widget-style panel-widget-style-for-23-2-0-0\" ><div\n\t\t\t\n\t\t\tclass=\"so-widget-sow-editor so-widget-sow-editor-base\"\n\t\t\t\n\t\t>\n<div class=\"siteorigin-widget-tinymce textwidget\">\n\t<p><div class=\"su-gmap su-u-responsive-media-yes\"><iframe loading=\"lazy\" width=\"400\" height=\"300\" src=\"\/\/maps.google.com\/maps?q=Mimar%20Sinan%20Mahallesi%20%C3%96zg%C3%BCrl%C3%BCk%20Caddesi%20No%3A9%2034935%20Sultanbeyli%20%2F%20%C4%B0STANBUL&amp;output=embed\" title=\"\"><\/iframe><\/div>\n<\/p>\n<p>&nbsp;<\/p>\n<\/div>\n<\/div><\/div><\/div><\/div><div id=\"pgc-23-2-1\"  class=\"panel-grid-cell\" ><div id=\"panel-23-2-1-0\" class=\"so-panel widget widget_sow-editor panel-first-child panel-last-child\" data-index=\"3\" ><div class=\"panel-widget-style panel-widget-style-for-23-2-1-0\" ><div\n\t\t\t\n\t\t\tclass=\"so-widget-sow-editor so-widget-sow-editor-base\"\n\t\t\t\n\t\t>\n<div class=\"siteorigin-widget-tinymce textwidget\">\n\t<h4 style=\"padding-left: 30px;\"><strong>\u0130LET\u0130\u015e\u0130M<\/strong><\/h4>\n<h6 style=\"padding-left: 30px;\"><strong>Adres: Mimar Sinan Mahallesi \u00d6zg\u00fcrl\u00fck Caddesi No:9 34935 Sultanbeyli \/ \u0130STANBUL<\/strong><\/h6>\n<h6 style=\"padding-left: 30px;\"><strong>Tel:  + 90 216 669 12 31 - 32 - Fax : + 90 216 669 12 12<\/strong><\/h6>\n<h5 style=\"padding-left: 30px;\"><strong>Yurti\u00e7i:\u00a0<span style=\"text-decoration: underline;\"><a href=\"mailto:info@tibon.com.tr\">info@tibon.com.tr<\/a><\/span><\/strong><\/h5>\n<h5 style=\"padding-left: 30px;\"><strong>Uluslararas\u0131: <span style=\"text-decoration: underline;\"><a href=\"mailto:export@tibon.com.tr\">export@tibon.com.tr<\/a><\/span><\/strong><\/h5>\n<p>&nbsp;<\/p>\n<\/div>\n<\/div><\/div><\/div><\/div><\/div><\/div><\/div>","protected":false},"excerpt":{"rendered":"<p>About Us TIBON has been founded in 2008, with more than 30 years of experience in manufacturing electrical and plastic components. Our production line primarily manufactures Rotary switches, Push button switches, Rocker switches and Safety cut out switches.\u00a0The main use of our products is in household appliances (Cooking, Heating, Washing, etc). Increased flexibility allows us [&hellip;]<\/p>\n","protected":false},"author":1,"featured_media":0,"parent":0,"menu_order":0,"comment_status":"closed","ping_status":"closed","template":"","meta":{"footnotes":""},"class_list":["post-23","page","type-page","status-publish","hentry","post"],"yoast_head":"<!-- This site is optimized with the Yoast SEO plugin v26.4 - https:\/\/yoast.com\/wordpress\/plugins\/seo\/ -->\n<title>About | TIBON<\/title>\n<meta name=\"description\" content=\"TIBON manufactures high quality, reliable electrical components such as rotary switches, push button switches, rocker switches and safety cutout switches.\" \/>\n<meta name=\"robots\" content=\"index, follow, max-snippet:-1, max-image-preview:large, max-video-preview:-1\" \/>\n<link rel=\"canonical\" href=\"https:\/\/www.tibon.com.tr\/tr\/about\/\" \/>\n<meta property=\"og:locale\" content=\"tr_TR\" \/>\n<meta property=\"og:type\" content=\"article\" \/>\n<meta property=\"og:title\" content=\"About | TIBON\" \/>\n<meta property=\"og:description\" content=\"TIBON manufactures high quality, reliable electrical components such as rotary switches, push button switches, rocker switches and safety cutout switches.\" \/>\n<meta property=\"og:url\" content=\"https:\/\/www.tibon.com.tr\/tr\/about\/\" \/>\n<meta property=\"og:site_name\" content=\"TIBON\" \/>\n<meta property=\"article:modified_time\" content=\"2020-02-17T06:00:02+00:00\" \/>\n<meta property=\"og:image\" content=\"http:\/\/www.tibon.com.tr\/wp-content\/uploads\/2019\/01\/FactoryEntrance-e1550866623891.png\" \/>\n<meta name=\"twitter:card\" content=\"summary_large_image\" \/>\n<meta name=\"twitter:label1\" content=\"Tahmini okuma s\u00fcresi\" \/>\n\t<meta name=\"twitter:data1\" content=\"3 dakika\" \/>\n<script type=\"application\/ld+json\" class=\"yoast-schema-graph\">{\"@context\":\"https:\/\/schema.org\",\"@graph\":[{\"@type\":\"WebPage\",\"@id\":\"https:\/\/www.tibon.com.tr\/about\/\",\"url\":\"https:\/\/www.tibon.com.tr\/about\/\",\"name\":\"About | TIBON\",\"isPartOf\":{\"@id\":\"https:\/\/www.tibon.com.tr\/ar\/#website\"},\"primaryImageOfPage\":{\"@id\":\"https:\/\/www.tibon.com.tr\/about\/#primaryimage\"},\"image\":{\"@id\":\"https:\/\/www.tibon.com.tr\/about\/#primaryimage\"},\"thumbnailUrl\":\"http:\/\/www.tibon.com.tr\/wp-content\/uploads\/2019\/01\/FactoryEntrance-e1550866623891.png\",\"datePublished\":\"2018-09-22T09:24:38+00:00\",\"dateModified\":\"2020-02-17T06:00:02+00:00\",\"description\":\"TIBON manufactures high quality, reliable electrical components such as rotary switches, push button switches, rocker switches and safety cutout switches.\",\"breadcrumb\":{\"@id\":\"https:\/\/www.tibon.com.tr\/about\/#breadcrumb\"},\"inLanguage\":\"tr\",\"potentialAction\":[{\"@type\":\"ReadAction\",\"target\":[\"https:\/\/www.tibon.com.tr\/about\/\"]}]},{\"@type\":\"ImageObject\",\"inLanguage\":\"tr\",\"@id\":\"https:\/\/www.tibon.com.tr\/about\/#primaryimage\",\"url\":\"http:\/\/www.tibon.com.tr\/wp-content\/uploads\/2019\/01\/FactoryEntrance-e1550866623891.png\",\"contentUrl\":\"http:\/\/www.tibon.com.tr\/wp-content\/uploads\/2019\/01\/FactoryEntrance-e1550866623891.png\"},{\"@type\":\"BreadcrumbList\",\"@id\":\"https:\/\/www.tibon.com.tr\/about\/#breadcrumb\",\"itemListElement\":[{\"@type\":\"ListItem\",\"position\":1,\"name\":\"Home\",\"item\":\"https:\/\/www.tibon.com.tr\/\"},{\"@type\":\"ListItem\",\"position\":2,\"name\":\"About\"}]},{\"@type\":\"WebSite\",\"@id\":\"https:\/\/www.tibon.com.tr\/ar\/#website\",\"url\":\"https:\/\/www.tibon.com.tr\/ar\/\",\"name\":\"TIBON\",\"description\":\"TIBON ELEKTRIK\",\"publisher\":{\"@id\":\"https:\/\/www.tibon.com.tr\/ar\/#organization\"},\"potentialAction\":[{\"@type\":\"SearchAction\",\"target\":{\"@type\":\"EntryPoint\",\"urlTemplate\":\"https:\/\/www.tibon.com.tr\/ar\/?s={search_term_string}\"},\"query-input\":{\"@type\":\"PropertyValueSpecification\",\"valueRequired\":true,\"valueName\":\"search_term_string\"}}],\"inLanguage\":\"tr\"},{\"@type\":\"Organization\",\"@id\":\"https:\/\/www.tibon.com.tr\/ar\/#organization\",\"name\":\"TIBON ELEKTRIK\",\"url\":\"https:\/\/www.tibon.com.tr\/ar\/\",\"logo\":{\"@type\":\"ImageObject\",\"inLanguage\":\"tr\",\"@id\":\"https:\/\/www.tibon.com.tr\/ar\/#\/schema\/logo\/image\/\",\"url\":\"https:\/\/www.tibon.com.tr\/wp-content\/uploads\/2018\/09\/Logo2-e1539895011172.png\",\"contentUrl\":\"https:\/\/www.tibon.com.tr\/wp-content\/uploads\/2018\/09\/Logo2-e1539895011172.png\",\"width\":200,\"height\":69,\"caption\":\"TIBON ELEKTRIK\"},\"image\":{\"@id\":\"https:\/\/www.tibon.com.tr\/ar\/#\/schema\/logo\/image\/\"}}]}<\/script>\n<!-- \/ Yoast SEO plugin. -->","yoast_head_json":{"title":"About | TIBON","description":"TIBON manufactures high quality, reliable electrical components such as rotary switches, push button switches, rocker switches and safety cutout switches.","robots":{"index":"index","follow":"follow","max-snippet":"max-snippet:-1","max-image-preview":"max-image-preview:large","max-video-preview":"max-video-preview:-1"},"canonical":"https:\/\/www.tibon.com.tr\/tr\/about\/","og_locale":"tr_TR","og_type":"article","og_title":"About | TIBON","og_description":"TIBON manufactures high quality, reliable electrical components such as rotary switches, push button switches, rocker switches and safety cutout switches.","og_url":"https:\/\/www.tibon.com.tr\/tr\/about\/","og_site_name":"TIBON","article_modified_time":"2020-02-17T06:00:02+00:00","og_image":[{"url":"http:\/\/www.tibon.com.tr\/wp-content\/uploads\/2019\/01\/FactoryEntrance-e1550866623891.png","type":"","width":"","height":""}],"twitter_card":"summary_large_image","twitter_misc":{"Tahmini okuma s\u00fcresi":"3 dakika"},"schema":{"@context":"https:\/\/schema.org","@graph":[{"@type":"WebPage","@id":"https:\/\/www.tibon.com.tr\/about\/","url":"https:\/\/www.tibon.com.tr\/about\/","name":"About | TIBON","isPartOf":{"@id":"https:\/\/www.tibon.com.tr\/ar\/#website"},"primaryImageOfPage":{"@id":"https:\/\/www.tibon.com.tr\/about\/#primaryimage"},"image":{"@id":"https:\/\/www.tibon.com.tr\/about\/#primaryimage"},"thumbnailUrl":"http:\/\/www.tibon.com.tr\/wp-content\/uploads\/2019\/01\/FactoryEntrance-e1550866623891.png","datePublished":"2018-09-22T09:24:38+00:00","dateModified":"2020-02-17T06:00:02+00:00","description":"TIBON manufactures high quality, reliable electrical components such as rotary switches, push button switches, rocker switches and safety cutout switches.","breadcrumb":{"@id":"https:\/\/www.tibon.com.tr\/about\/#breadcrumb"},"inLanguage":"tr","potentialAction":[{"@type":"ReadAction","target":["https:\/\/www.tibon.com.tr\/about\/"]}]},{"@type":"ImageObject","inLanguage":"tr","@id":"https:\/\/www.tibon.com.tr\/about\/#primaryimage","url":"http:\/\/www.tibon.com.tr\/wp-content\/uploads\/2019\/01\/FactoryEntrance-e1550866623891.png","contentUrl":"http:\/\/www.tibon.com.tr\/wp-content\/uploads\/2019\/01\/FactoryEntrance-e1550866623891.png"},{"@type":"BreadcrumbList","@id":"https:\/\/www.tibon.com.tr\/about\/#breadcrumb","itemListElement":[{"@type":"ListItem","position":1,"name":"Home","item":"https:\/\/www.tibon.com.tr\/"},{"@type":"ListItem","position":2,"name":"About"}]},{"@type":"WebSite","@id":"https:\/\/www.tibon.com.tr\/ar\/#website","url":"https:\/\/www.tibon.com.tr\/ar\/","name":"TIBON","description":"TIBON ELEKTRIK","publisher":{"@id":"https:\/\/www.tibon.com.tr\/ar\/#organization"},"potentialAction":[{"@type":"SearchAction","target":{"@type":"EntryPoint","urlTemplate":"https:\/\/www.tibon.com.tr\/ar\/?s={search_term_string}"},"query-input":{"@type":"PropertyValueSpecification","valueRequired":true,"valueName":"search_term_string"}}],"inLanguage":"tr"},{"@type":"Organization","@id":"https:\/\/www.tibon.com.tr\/ar\/#organization","name":"TIBON ELEKTRIK","url":"https:\/\/www.tibon.com.tr\/ar\/","logo":{"@type":"ImageObject","inLanguage":"tr","@id":"https:\/\/www.tibon.com.tr\/ar\/#\/schema\/logo\/image\/","url":"https:\/\/www.tibon.com.tr\/wp-content\/uploads\/2018\/09\/Logo2-e1539895011172.png","contentUrl":"https:\/\/www.tibon.com.tr\/wp-content\/uploads\/2018\/09\/Logo2-e1539895011172.png","width":200,"height":69,"caption":"TIBON ELEKTRIK"},"image":{"@id":"https:\/\/www.tibon.com.tr\/ar\/#\/schema\/logo\/image\/"}}]}},"_links":{"self":[{"href":"https:\/\/www.tibon.com.tr\/tr\/wp-json\/wp\/v2\/pages\/23","targetHints":{"allow":["GET"]}}],"collection":[{"href":"https:\/\/www.tibon.com.tr\/tr\/wp-json\/wp\/v2\/pages"}],"about":[{"href":"https:\/\/www.tibon.com.tr\/tr\/wp-json\/wp\/v2\/types\/page"}],"author":[{"embeddable":true,"href":"https:\/\/www.tibon.com.tr\/tr\/wp-json\/wp\/v2\/users\/1"}],"replies":[{"embeddable":true,"href":"https:\/\/www.tibon.com.tr\/tr\/wp-json\/wp\/v2\/comments?post=23"}],"version-history":[{"count":200,"href":"https:\/\/www.tibon.com.tr\/tr\/wp-json\/wp\/v2\/pages\/23\/revisions"}],"predecessor-version":[{"id":2829,"href":"https:\/\/www.tibon.com.tr\/tr\/wp-json\/wp\/v2\/pages\/23\/revisions\/2829"}],"wp:attachment":[{"href":"https:\/\/www.tibon.com.tr\/tr\/wp-json\/wp\/v2\/media?parent=23"}],"curies":[{"name":"wp","href":"https:\/\/api.w.org\/{rel}","templated":true}]}}