{"id":2488,"date":"2019-02-22T19:51:00","date_gmt":"2019-02-22T19:51:00","guid":{"rendered":"http:\/\/tibon.com.tr\/?page_id=2488"},"modified":"2025-01-10T11:19:20","modified_gmt":"2025-01-10T08:19:20","slug":"homepage","status":"publish","type":"page","link":"https:\/\/www.tibon.com.tr\/ru\/","title":{"rendered":"Homepage"},"content":{"rendered":"<div id=\"pl-2488\"  class=\"panel-layout\" ><div id=\"pg-2488-0\"  class=\"panel-grid panel-has-style\" ><div class=\"siteorigin-panels-stretch panel-row-style panel-row-style-for-2488-0\" data-stretch-type=\"full\" ><div id=\"pgc-2488-0-0\"  class=\"panel-grid-cell\" ><div id=\"panel-2488-0-0-0\" class=\"so-panel widget widget_sow-hero panel-first-child panel-last-child\" data-index=\"0\" ><div class=\"panel-widget-style panel-widget-style-for-2488-0-0-0\" ><div\n\t\t\t\n\t\t\tclass=\"so-widget-sow-hero so-widget-sow-hero-default-6f58d44e76f3-2488 so-widget-fittext-wrapper\"\n\t\t\t data-fit-text-compressor=\"0.85\"\n\t\t>\t\t\t\t<div class=\"sow-slider-base\" style=\"display: none\" tabindex=\"0\">\n\t\t\t\t\t<ul\n\t\t\t\t\tclass=\"sow-slider-images\"\n\t\t\t\t\tdata-settings=\"{&quot;pagination&quot;:true,&quot;speed&quot;:800,&quot;timeout&quot;:8000,&quot;paused&quot;:false,&quot;pause_on_hover&quot;:false,&quot;swipe&quot;:true,&quot;nav_always_show_desktop&quot;:&quot;&quot;,&quot;nav_always_show_mobile&quot;:&quot;&quot;,&quot;breakpoint&quot;:&quot;780px&quot;,&quot;unmute&quot;:false,&quot;anchor&quot;:null}\"\n\t\t\t\t\tstyle=\"min-height: 300px\"\t\t\t\t\tdata-anchor-id=\"\"\n\t\t\t\t>\t\t<li class=\"sow-slider-image  sow-slider-image-cover\" style=\"visibility: visible;;background-color: #333333\" >\n\t\t\t\t\t<div class=\"sow-slider-image-container\">\n\t\t\t<div class=\"sow-slider-image-wrapper\">\n\t\t\t\t<h3><\/h3>\n<h3><\/h3>\n<h3><\/h3>\n<h3 style=\"text-align: right\">\u0410\u0432\u0442\u043e\u043c\u0430\u0442\u0438\u043a\u0430<\/h3>\n<h3><\/h3>\n\t\t\t<\/div>\n\t\t<\/div>\n\t\t<div class=\"sow-slider-image-overlay sow-slider-image-cover\" style=\"opacity: 0.5;background-image: url(https:\/\/www.tibon.com.tr\/wp-content\/uploads\/2018\/09\/Riveting-Terminal_Fotor-e1537631212939.jpg)\"  ><\/div>\t\t<\/li>\n\t\t\t\t<li class=\"sow-slider-image  sow-slider-image-cover\" style=\"visibility: hidden;;background-color: #333333\" >\n\t\t\t\t\t<div class=\"sow-slider-image-container\">\n\t\t\t<div class=\"sow-slider-image-wrapper\">\n\t\t\t\t<h3><\/h3>\n<h3><\/h3>\n<h3><\/h3>\n<h3 style=\"text-align: right\">\u041a\u0430\u0447\u0435\u0441\u0442\u0432\u043e<\/h3>\n<h3><\/h3>\t\t\t<\/div>\n\t\t<\/div>\n\t\t<div class=\"sow-slider-image-overlay sow-slider-image-cover\" style=\"opacity: 0.5\" data-background=\"url(https:\/\/www.tibon.com.tr\/wp-content\/uploads\/2018\/09\/IMG_4077-984x400.jpg)\"  ><\/div>\t\t<\/li>\n\t\t\t\t<li class=\"sow-slider-image  sow-slider-image-cover\" style=\"visibility: hidden;;background-color: #333333\" >\n\t\t\t\t\t<div class=\"sow-slider-image-container\">\n\t\t\t<div class=\"sow-slider-image-wrapper\">\n\t\t\t\t<h3><\/h3>\n<h3><\/h3>\n<h3><\/h3>\n<h3 style=\"text-align: right\">\u0422\u043e\u0447\u043d\u043e\u0441\u0442\u044c<\/h3>\n<h3><\/h3>\n\t\t\t<\/div>\n\t\t<\/div>\n\t\t<div class=\"sow-slider-image-overlay sow-slider-image-cover\" style=\"opacity: 0.5\" data-background=\"url(https:\/\/www.tibon.com.tr\/wp-content\/uploads\/2019\/02\/Precision-e1551269415333.jpg)\"  ><\/div>\t\t<\/li>\n\t\t<\/ul>\t\t\t\t<ol class=\"sow-slider-pagination\">\n\t\t\t\t\t\t\t\t\t\t\t<li><a href=\"#\" data-goto=\"0\" aria-label=\"\u041e\u0442\u043e\u0431\u0440\u0430\u0436\u0435\u043d\u0438\u0435 \u0441\u043b\u0430\u0439\u0434\u0430 1\"><\/a><\/li>\n\t\t\t\t\t\t\t\t\t\t\t<li><a href=\"#\" data-goto=\"1\" aria-label=\"\u041e\u0442\u043e\u0431\u0440\u0430\u0436\u0435\u043d\u0438\u0435 \u0441\u043b\u0430\u0439\u0434\u0430 2\"><\/a><\/li>\n\t\t\t\t\t\t\t\t\t\t\t<li><a href=\"#\" data-goto=\"2\" aria-label=\"\u041e\u0442\u043e\u0431\u0440\u0430\u0436\u0435\u043d\u0438\u0435 \u0441\u043b\u0430\u0439\u0434\u0430 3\"><\/a><\/li>\n\t\t\t\t\t\t\t\t\t<\/ol>\n\n\t\t\t\t<div class=\"sow-slide-nav sow-slide-nav-next\">\n\t\t\t\t\t<a href=\"#\" data-goto=\"next\" aria-label=\"\u0421\u043b\u0435\u0434\u0443\u044e\u0449\u0438\u0439 \u0441\u043b\u0430\u0439\u0434\" data-action=\"next\">\n\t\t\t\t\t\t<em class=\"sow-sld-icon-thick-rounded-right\"><\/em>\n\t\t\t\t\t<\/a>\n\t\t\t\t<\/div>\n\n\t\t\t\t<div class=\"sow-slide-nav sow-slide-nav-prev\">\n\t\t\t\t\t<a href=\"#\" data-goto=\"previous\" aria-label=\"\u041f\u0440\u0435\u0434\u044b\u0434\u0443\u0449\u0438\u0439 \u0441\u043b\u0430\u0439\u0434\" data-action=\"prev\">\n\t\t\t\t\t\t<em class=\"sow-sld-icon-thick-rounded-left\"><\/em>\n\t\t\t\t\t<\/a>\n\t\t\t\t<\/div>\n\t\t\t\t<\/div><\/div><\/div><\/div><\/div><\/div><\/div><div id=\"pg-2488-1\"  class=\"panel-grid panel-has-style\" ><div class=\"siteorigin-panels-stretch panel-row-style panel-row-style-for-2488-1\" data-stretch-type=\"full\" ><div id=\"pgc-2488-1-0\"  class=\"panel-grid-cell\" ><div id=\"panel-2488-1-0-0\" class=\"so-panel widget widget_sow-headline panel-first-child panel-last-child\" data-index=\"1\" ><div class=\"panel-widget-style panel-widget-style-for-2488-1-0-0\" ><div\n\t\t\t\n\t\t\tclass=\"so-widget-sow-headline so-widget-sow-headline-default-ec4e8eeb405d-2488 so-widget-fittext-wrapper\"\n\t\t\t data-fit-text-compressor=\"0.85\"\n\t\t><div class=\"sow-headline-container\">\n\t\t\t\t\t\t\t<h2 class=\"sow-headline\">\n\t\t\t\t\t\t\u041c\u0435\u043b\u043a\u0438\u0435 \u0434\u0435\u0442\u0430\u043b\u0438 \u0438\u043c\u0435\u044e\u0442 \u0431\u043e\u043b\u044c\u0448\u043e\u0435 \u0437\u043d\u0430\u0447\u0435\u043d\u0438\u0435\t\t\t\t\t\t<\/h2>\n\t\t\t\t\t\t\t\t\t\t\t<div class=\"decoration\">\n\t\t\t\t\t\t<div class=\"decoration-inside\"><\/div>\n\t\t\t\t\t<\/div>\n\t\t\t\t\t<\/div>\n<\/div><\/div><\/div><\/div><\/div><\/div><div id=\"pg-2488-2\"  class=\"panel-grid panel-has-style\" ><div class=\"siteorigin-panels-stretch panel-row-style panel-row-style-for-2488-2\" data-stretch-type=\"full\" ><div id=\"pgc-2488-2-0\"  class=\"panel-grid-cell panel-grid-cell-empty\" ><\/div><div id=\"pgc-2488-2-1\"  class=\"panel-grid-cell\" ><div id=\"panel-2488-2-1-0\" class=\"so-panel widget widget_sow-features panel-first-child panel-last-child\" data-index=\"2\" ><div\n\t\t\t\n\t\t\tclass=\"so-widget-sow-features so-widget-sow-features-default-d51ee558497a-2488\"\n\t\t\t\n\t\t><ul\n\tclass=\"sow-features-list\tsow-features-responsive\">\n\n\t\t\t<li\n\t\t\tclass=\"sow-features-feature sow-icon-container-position-top\"\n\t\t\tstyle=\"display: flex; flex-direction: column; width: calc(100% - 25px);\"\n\t\t>\n\t\t\t\n\t\t\t\t\t\t<div\t\t\t\tclass=\"sow-icon-container sow-container-round\"\n\t\t\t\tstyle=\"color: #ffffff; \"\n\t\t\t\t\n\t\t\t\t\t\t\t>\n\t\t\t\t<span class=\"sow-icon-fontawesome sow-far\" data-sow-icon=\"&#xf059;\"\n\t\tstyle=\"font-size: 100px; color: #000000\" \n\t\taria-hidden=\"true\"><\/span>\t\t\t<\/div>\n\n\t\t\t<div class=\"textwidget\">\n\t\t\t\t\n\t\t\t\t\t\t\t\t\t<h5 class=\"sow-features-feature-title\">\n\t\t\t\t\t\t\u041a\u0442\u043e \u043c\u044b\t\t\t\t\t<\/h5>\n\t\t\t\t\n\t\t\t\t\t\t\t\t\t<div class=\"sow-features-feature-text\">\n\t\t\t\t\t<p>TIBON \u043e\u0441\u043d\u043e\u0432\u0430\u043d\u0430 \u0432 2008 \u0433\u043e\u0434\u0443 \u0434\u043b\u044f \u0443\u0434\u043e\u0432\u043b\u0435\u0442\u0432\u043e\u0440\u0435\u043d\u0438\u044f \u0441\u043f\u0440\u043e\u0441\u0430 \u043d\u0430 \u0432\u044b\u0441\u043e\u043a\u043e\u043a\u0430\u0447\u0435\u0441\u0442\u0432\u0435\u043d\u043d\u044b\u0435 \u043a\u043e\u043c\u043f\u043e\u043d\u0435\u043d\u0442\u044b \u0432 \u0438\u043d\u0434\u0443\u0441\u0442\u0440\u0438\u0438 \u0431\u044b\u0442\u043e\u0432\u043e\u0439 \u0442\u0435\u0445\u043d\u0438\u043a\u0438.<\/p>\n<p>&nbsp;<\/p>\n\t\t\t\t\t<\/div>\n\t\t\t\t\t\t\t\t<\/div>\n\t\t\t\t\t\t\t\t<\/li>\n\n\t<\/ul>\n<\/div><\/div><\/div><div id=\"pgc-2488-2-2\"  class=\"panel-grid-cell\" ><div id=\"panel-2488-2-2-0\" class=\"so-panel widget widget_sow-features panel-first-child panel-last-child\" data-index=\"3\" ><div\n\t\t\t\n\t\t\tclass=\"so-widget-sow-features so-widget-sow-features-default-d51ee558497a-2488\"\n\t\t\t\n\t\t><ul\n\tclass=\"sow-features-list\tsow-features-responsive\">\n\n\t\t\t<li\n\t\t\tclass=\"sow-features-feature sow-icon-container-position-top\"\n\t\t\tstyle=\"display: flex; flex-direction: column; width: calc(100% - 25px);\"\n\t\t>\n\t\t\t\n\t\t\t\t\t\t<div\t\t\t\tclass=\"sow-icon-container sow-container-round\"\n\t\t\t\tstyle=\"color: #ffffff; \"\n\t\t\t\t\n\t\t\t\t\t\t\t>\n\t\t\t\t<span class=\"sow-icon-fontawesome sow-far\" data-sow-icon=\"&#xf0eb;\"\n\t\tstyle=\"font-size: 100px; color: #000000\" \n\t\taria-hidden=\"true\"><\/span>\t\t\t<\/div>\n\n\t\t\t<div class=\"textwidget\">\n\t\t\t\t\n\t\t\t\t\t\t\t\t\t<h5 class=\"sow-features-feature-title\">\n\t\t\t\t\t\t\u0427\u0442\u043e \u043c\u044b \u043f\u0440\u043e\u0438\u0437\u0432\u043e\u0434\u0438\u043c\t\t\t\t\t<\/h5>\n\t\t\t\t\n\t\t\t\t\t\t\t\t\t<div class=\"sow-features-feature-text\">\n\t\t\t\t\t<p>TIBON \u0440\u0430\u0437\u0440\u0430\u0431\u0430\u0442\u044b\u0432\u0430\u0435\u0442 \u0438 \u043f\u0440\u043e\u0438\u0437\u0432\u043e\u0434\u0438\u0442 \u044d\u043b\u0435\u043a\u0442\u0440\u0438\u0447\u0435\u0441\u043a\u0438\u0435 \u043a\u043e\u043c\u043f\u043e\u043d\u0435\u043d\u0442\u044b, \u0442\u0430\u043a\u0438\u0435 \u043a\u0430\u043a \u043f\u043e\u0432\u043e\u0440\u043e\u0442\u043d\u044b\u0435 \u043f\u0435\u0440\u0435\u043a\u043b\u044e\u0447\u0430\u0442\u0435\u043b\u0438, \u043a\u043d\u043e\u043f\u043e\u0447\u043d\u044b\u0435 \u043f\u0435\u0440\u0435\u043a\u043b\u044e\u0447\u0430\u0442\u0435\u043b\u0438 \u0438 \u0431\u0430\u0440\u0430\u0431\u0430\u043d\u043d\u044b\u0435 \u043f\u0435\u0440\u0435\u043a\u043b\u044e\u0447\u0430\u0442\u0435\u043b\u0438. \u041d\u0430\u0448\u0438 \u043f\u0440\u043e\u0434\u0443\u043a\u0442\u044b \u0448\u0438\u0440\u043e\u043a\u043e \u0438\u0441\u043f\u043e\u043b\u044c\u0437\u0443\u044e\u0442\u0441\u044f \u0432 \u043a\u0443\u0445\u043e\u043d\u043d\u044b\u0445 \u0438 \u043e\u0442\u043e\u043f\u0438\u0442\u0435\u043b\u044c\u043d\u044b\u0445 \u043f\u0440\u0438\u0431\u043e\u0440\u0430\u0445.<\/p>\n<p>&nbsp;<\/p>\n\t\t\t\t\t<\/div>\n\t\t\t\t\t\t\t\t<\/div>\n\t\t\t\t\t\t\t\t<\/li>\n\n\t<\/ul>\n<\/div><\/div><\/div><div id=\"pgc-2488-2-3\"  class=\"panel-grid-cell panel-grid-cell-mobile-last\" ><div id=\"panel-2488-2-3-0\" class=\"so-panel widget widget_sow-features panel-first-child panel-last-child\" data-index=\"4\" ><div\n\t\t\t\n\t\t\tclass=\"so-widget-sow-features so-widget-sow-features-default-d51ee558497a-2488\"\n\t\t\t\n\t\t><ul\n\tclass=\"sow-features-list\tsow-features-responsive\">\n\n\t\t\t<li\n\t\t\tclass=\"sow-features-feature sow-icon-container-position-top\"\n\t\t\tstyle=\"display: flex; flex-direction: column; width: calc(100% - 25px);\"\n\t\t>\n\t\t\t\n\t\t\t\t\t\t<div\t\t\t\tclass=\"sow-icon-container sow-container-round\"\n\t\t\t\tstyle=\"color: #ffffff; \"\n\t\t\t\t\n\t\t\t\t\t\t\t>\n\t\t\t\t<span class=\"sow-icon-fontawesome sow-far\" data-sow-icon=\"&#xf058;\"\n\t\tstyle=\"font-size: 100px; color: #000000\" \n\t\taria-hidden=\"true\"><\/span>\t\t\t<\/div>\n\n\t\t\t<div class=\"textwidget\">\n\t\t\t\t\n\t\t\t\t\t\t\t\t\t<h5 class=\"sow-features-feature-title\">\n\t\t\t\t\t\t\u041a\u0430\u0447\u0435\u0441\u0442\u0432\u043e\t\t\t\t\t<\/h5>\n\t\t\t\t\n\t\t\t\t\t\t\t\t\t<div class=\"sow-features-feature-text\">\n\t\t\t\t\t<p>TIBON \u0438\u043c\u0435\u0435\u0442 \u0441\u0435\u0440\u0442\u0438\u0444\u0438\u043a\u0430\u0442 ISO 9001: 2015, \u0438 \u043d\u0430\u0448 \u0437\u0430\u0432\u043e\u0434 \u0440\u0430\u0431\u043e\u0442\u0430\u0435\u0442 \u0432 \u0441\u043e\u043e\u0442\u0432\u0435\u0442\u0441\u0442\u0432\u0438\u0438 \u0441 \u0442\u0440\u0435\u0431\u043e\u0432\u0430\u043d\u0438\u044f\u043c\u0438 \u0441\u0442\u0430\u043d\u0434\u0430\u0440\u0442\u0430. \u041d\u0430\u0448\u0430 \u043f\u0440\u043e\u0434\u0443\u043a\u0446\u0438\u044f \u0441\u0435\u0440\u0442\u0438\u0444\u0438\u0446\u0438\u0440\u043e\u0432\u0430\u043d\u0430 TUV Rheinland \u0438 \u0441\u043e\u043e\u0442\u0432\u0435\u0442\u0441\u0442\u0432\u0443\u0435\u0442 \u043c\u0438\u0440\u043e\u0432\u044b\u043c \u0441\u0442\u0430\u043d\u0434\u0430\u0440\u0442\u0430\u043c.<\/p>\n<p>&nbsp;<\/p>\n\t\t\t\t\t<\/div>\n\t\t\t\t\t\t\t\t<\/div>\n\t\t\t\t\t\t\t\t<\/li>\n\n\t<\/ul>\n<\/div><\/div><\/div><div id=\"pgc-2488-2-4\"  class=\"panel-grid-cell panel-grid-cell-empty\" ><\/div><\/div><\/div><div id=\"pg-2488-3\"  class=\"panel-grid panel-has-style\" ><div class=\"siteorigin-panels-stretch panel-row-style panel-row-style-for-2488-3\" data-stretch-type=\"full\" ><div id=\"pgc-2488-3-0\"  class=\"panel-grid-cell\" ><div id=\"panel-2488-3-0-0\" class=\"so-panel widget widget_sow-headline panel-first-child\" data-index=\"5\" ><div class=\"panel-widget-style panel-widget-style-for-2488-3-0-0\" ><div\n\t\t\t\n\t\t\tclass=\"so-widget-sow-headline so-widget-sow-headline-default-598ff4f3fc24-2488 so-widget-fittext-wrapper\"\n\t\t\t data-fit-text-compressor=\"0.85\"\n\t\t><div class=\"sow-headline-container\">\n\t\t\t\t\t\t\t<h1 class=\"sow-headline\">\n\t\t\t\t\t\t\u0420\u0430\u0437\u043d\u043e\u043e\u0431\u0440\u0430\u0437\u043d\u044b\u0439 \u0430\u0441\u0441\u043e\u0440\u0442\u0438\u043c\u0435\u043d\u0442 \u043f\u0440\u043e\u0434\u0443\u043a\u0446\u0438\u0438\t\t\t\t\t\t<\/h1>\n\t\t\t\t\t\t\t\t\t\t\t<div class=\"decoration\">\n\t\t\t\t\t\t<div class=\"decoration-inside\"><\/div>\n\t\t\t\t\t<\/div>\n\t\t\t\t\t<\/div>\n<\/div><\/div><\/div><div id=\"panel-2488-3-0-1\" class=\"so-panel widget widget_sow-image-grid panel-last-child\" data-index=\"6\" ><div\n\t\t\t\n\t\t\tclass=\"so-widget-sow-image-grid so-widget-sow-image-grid-default-46e3cddde1e5-2488\"\n\t\t\t\n\t\t>\t<div\n\t\tclass=\"sow-image-grid-wrapper\"\n\t\tdata-max-width=\"200\"\t\tdata-max-height=\"250\"\t>\n\t\t\t\t\t<div class=\"sow-image-grid-image\">\n\t\t\t\t\t\t\t\t\t\t\t\t\t<a href=\"https:\/\/www.tibon.com.tr\/ru\/products\/\"\n\t\t\t\t\t>\n\t\t\t\t\t\t\t\t<img loading=\"lazy\" decoding=\"async\" width=\"200\" height=\"162\" src=\"https:\/\/www.tibon.com.tr\/wp-content\/uploads\/2019\/01\/430RedRS.png\" class=\"sow-image-grid-image_html\" alt=\"\" title=\"Rotary Switch\" srcset=\"https:\/\/www.tibon.com.tr\/wp-content\/uploads\/2019\/01\/430RedRS.png 549w, https:\/\/www.tibon.com.tr\/wp-content\/uploads\/2019\/01\/430RedRS-300x244.png 300w\" sizes=\"auto, (max-width: 200px) 100vw, 200px\" \/>\t\t\t\t\t\t\t\t\t<\/a>\n\t\t\t\t\t\t\t\t\t\t\t<\/div>\n\t\t\t\t\t<div class=\"sow-image-grid-image\">\n\t\t\t\t\t\t\t\t\t\t\t\t\t<a href=\"https:\/\/www.tibon.com.tr\/ru\/products\/\"\n\t\t\t\t\t>\n\t\t\t\t\t\t\t\t<img loading=\"lazy\" decoding=\"async\" width=\"139\" height=\"200\" src=\"https:\/\/www.tibon.com.tr\/wp-content\/uploads\/2019\/01\/71270010small.png\" class=\"sow-image-grid-image_html\" alt=\"\" title=\"Push Button Switch\" \/>\t\t\t\t\t\t\t\t\t<\/a>\n\t\t\t\t\t\t\t\t\t\t\t<\/div>\n\t\t\t\t\t<div class=\"sow-image-grid-image\">\n\t\t\t\t\t\t\t\t\t\t\t\t\t<a href=\"https:\/\/www.tibon.com.tr\/ru\/products\/\"\n\t\t\t\t\t>\n\t\t\t\t\t\t\t\t<img loading=\"lazy\" decoding=\"async\" width=\"200\" height=\"163\" src=\"https:\/\/www.tibon.com.tr\/wp-content\/uploads\/2019\/01\/455BlackRS.png\" class=\"sow-image-grid-image_html\" alt=\"\" title=\"Rotary Switch\" srcset=\"https:\/\/www.tibon.com.tr\/wp-content\/uploads\/2019\/01\/455BlackRS.png 634w, https:\/\/www.tibon.com.tr\/wp-content\/uploads\/2019\/01\/455BlackRS-300x245.png 300w\" sizes=\"auto, (max-width: 200px) 100vw, 200px\" \/>\t\t\t\t\t\t\t\t\t<\/a>\n\t\t\t\t\t\t\t\t\t\t\t<\/div>\n\t\t\t\t\t<div class=\"sow-image-grid-image\">\n\t\t\t\t\t\t\t\t\t\t\t\t\t<a href=\"https:\/\/www.tibon.com.tr\/ru\/products\/\"\n\t\t\t\t\t>\n\t\t\t\t\t\t\t\t<img loading=\"lazy\" decoding=\"async\" width=\"125\" height=\"200\" src=\"https:\/\/www.tibon.com.tr\/wp-content\/uploads\/2019\/01\/712730000small.png\" class=\"sow-image-grid-image_html\" alt=\"\" title=\"Push Button Switch\" \/>\t\t\t\t\t\t\t\t\t<\/a>\n\t\t\t\t\t\t\t\t\t\t\t<\/div>\n\t\t\t<\/div>\n<\/div><\/div><\/div><\/div><\/div><div id=\"pg-2488-4\"  class=\"panel-grid panel-has-style\" ><div class=\"siteorigin-panels-stretch panel-row-style panel-row-style-for-2488-4\" id=\"contact\" data-stretch-type=\"full\" ><div id=\"pgc-2488-4-0\"  class=\"panel-grid-cell\" ><div id=\"panel-2488-4-0-0\" class=\"so-panel widget widget_sow-editor panel-first-child panel-last-child\" data-index=\"7\" ><div id=\"contact\" class=\"panel-widget-style panel-widget-style-for-2488-4-0-0\" ><div\n\t\t\t\n\t\t\tclass=\"so-widget-sow-editor so-widget-sow-editor-base\"\n\t\t\t\n\t\t>\n<div class=\"siteorigin-widget-tinymce textwidget\">\n\t<p><div class=\"su-gmap su-u-responsive-media-yes\"><iframe loading=\"lazy\" width=\"400\" height=\"300\" src=\"\/\/maps.google.com\/maps?q=Mimar%20Sinan%20Mahallesi%20%C3%96zg%C3%BCrl%C3%BCk%20Caddesi%20No%3A9%2034935%20Sultanbeyli%20%2F%20%C4%B0STANBUL&amp;output=embed\" title=\"\"><\/iframe><\/div>\n<\/p>\n<p>&nbsp;<\/p>\n<\/div>\n<\/div><\/div><\/div><\/div><div id=\"pgc-2488-4-1\"  class=\"panel-grid-cell\" ><div id=\"panel-2488-4-1-0\" class=\"so-panel widget widget_sow-editor panel-first-child panel-last-child\" data-index=\"8\" ><div class=\"panel-widget-style panel-widget-style-for-2488-4-1-0\" ><div\n\t\t\t\n\t\t\tclass=\"so-widget-sow-editor so-widget-sow-editor-base\"\n\t\t\t\n\t\t>\n<div class=\"siteorigin-widget-tinymce textwidget\">\n\t<h4 style=\"padding-left: 30px;\"><strong>\u041a\u043e\u043d\u0442\u0430\u043a\u0442\u044b<\/strong><\/h4>\n<h6 style=\"padding-left: 30px;\"><strong>\u0410\u0434\u0440\u0435\u0441: Mimar Sinan Mahallesi \u00d6zg\u00fcrl\u00fck Caddesi No:9 34935 Sultanbeyli \/ \u0130STANBUL<\/strong><\/h6>\n<h6 style=\"padding-left: 30px;\"><strong>\u0422\u0435\u043b\u0435\u0444\u043e\u043d: + 90 216 669 12 31 - 32 - Fax : + 90 216 669 12 12<\/strong><\/h6>\n<h5 style=\"padding-left: 30px;\"><strong>\u0412\u043d\u0443\u0442\u0440\u0435\u043d\u043d\u0438\u0435 \u0437\u0430\u043f\u0440\u043e\u0441\u044b\u00a0<span style=\"text-decoration: underline;\"><a href=\"mailto:info@tibon.com.tr\">info@tibon.com.tr<\/a><\/span><\/strong><\/h5>\n<h5 style=\"padding-left: 30px;\"><strong>\u041c\u0435\u0436\u0434\u0443\u043d\u0430\u0440\u043e\u0434\u043d\u044b\u0435 \u0437\u0430\u043f\u0440\u043e\u0441\u044b <span style=\"text-decoration: underline;\"><a href=\"mailto:export@tibon.com.tr\">export@tibon.com.tr<\/a><\/span><\/strong><\/h5>\n<p>&nbsp;<\/p>\n<\/div>\n<\/div><\/div><\/div><\/div><\/div><\/div><\/div>","protected":false},"excerpt":{"rendered":"<p>Automation Quality Precision Small Details Make Big Difference WHO WE ARE TIBON is founded in 2008 to meet the demand for high quality components in household appliance industry. &nbsp; WHAT WE DO TIBON manufactures high quality, reliable electrical components such as rotary switches, push button switches, rocker switches and safety cutout switches. Our products are [&hellip;]<\/p>\n","protected":false},"author":1,"featured_media":0,"parent":0,"menu_order":0,"comment_status":"closed","ping_status":"closed","template":"","meta":{"footnotes":""},"class_list":["post-2488","page","type-page","status-publish","hentry","post"],"yoast_head":"<!-- This site is optimized with the Yoast SEO plugin v26.4 - https:\/\/yoast.com\/wordpress\/plugins\/seo\/ -->\n<title>TIBON | Rotary - Oven Selector Switches | Push Button Switches<\/title>\n<meta name=\"description\" content=\"TIBON manufactures high quality, reliable electrical components such as rotary switches, push button switches, rocker switches and safety cutout switches.\" \/>\n<meta name=\"robots\" content=\"index, follow, max-snippet:-1, max-image-preview:large, max-video-preview:-1\" \/>\n<link rel=\"canonical\" href=\"https:\/\/www.tibon.com.tr\/ru\/\" \/>\n<meta property=\"og:locale\" content=\"ru_RU\" \/>\n<meta property=\"og:type\" content=\"article\" \/>\n<meta property=\"og:title\" content=\"TIBON | Rotary - Oven Selector Switches | Push Button Switches\" \/>\n<meta property=\"og:description\" content=\"TIBON manufactures high quality, reliable electrical components such as rotary switches, push button switches, rocker switches and safety cutout switches.\" \/>\n<meta property=\"og:url\" content=\"https:\/\/www.tibon.com.tr\/ru\/\" \/>\n<meta property=\"og:site_name\" content=\"TIBON\" \/>\n<meta property=\"article:modified_time\" content=\"2025-01-10T08:19:20+00:00\" \/>\n<meta name=\"twitter:card\" content=\"summary_large_image\" \/>\n<meta name=\"twitter:label1\" content=\"\u041f\u0440\u0438\u043c\u0435\u0440\u043d\u043e\u0435 \u0432\u0440\u0435\u043c\u044f \u0434\u043b\u044f \u0447\u0442\u0435\u043d\u0438\u044f\" \/>\n\t<meta name=\"twitter:data1\" content=\"2 \u043c\u0438\u043d\u0443\u0442\u044b\" \/>\n<script type=\"application\/ld+json\" class=\"yoast-schema-graph\">{\"@context\":\"https:\/\/schema.org\",\"@graph\":[{\"@type\":\"WebPage\",\"@id\":\"https:\/\/www.tibon.com.tr\/\",\"url\":\"https:\/\/www.tibon.com.tr\/\",\"name\":\"TIBON | Rotary - Oven Selector Switches | Push Button Switches\",\"isPartOf\":{\"@id\":\"https:\/\/www.tibon.com.tr\/ar\/#website\"},\"datePublished\":\"2019-02-22T19:51:00+00:00\",\"dateModified\":\"2025-01-10T08:19:20+00:00\",\"description\":\"TIBON manufactures high quality, reliable electrical components such as rotary switches, push button switches, rocker switches and safety cutout switches.\",\"breadcrumb\":{\"@id\":\"https:\/\/www.tibon.com.tr\/#breadcrumb\"},\"inLanguage\":\"ru-RU\",\"potentialAction\":[{\"@type\":\"ReadAction\",\"target\":[\"https:\/\/www.tibon.com.tr\/\"]}]},{\"@type\":\"BreadcrumbList\",\"@id\":\"https:\/\/www.tibon.com.tr\/#breadcrumb\",\"itemListElement\":[{\"@type\":\"ListItem\",\"position\":1,\"name\":\"Home\",\"item\":\"https:\/\/www.tibon.com.tr\/\"},{\"@type\":\"ListItem\",\"position\":2,\"name\":\"Homepage\"}]},{\"@type\":\"WebSite\",\"@id\":\"https:\/\/www.tibon.com.tr\/ar\/#website\",\"url\":\"https:\/\/www.tibon.com.tr\/ar\/\",\"name\":\"TIBON\",\"description\":\"TIBON ELEKTRIK\",\"publisher\":{\"@id\":\"https:\/\/www.tibon.com.tr\/ar\/#organization\"},\"potentialAction\":[{\"@type\":\"SearchAction\",\"target\":{\"@type\":\"EntryPoint\",\"urlTemplate\":\"https:\/\/www.tibon.com.tr\/ar\/?s={search_term_string}\"},\"query-input\":{\"@type\":\"PropertyValueSpecification\",\"valueRequired\":true,\"valueName\":\"search_term_string\"}}],\"inLanguage\":\"ru-RU\"},{\"@type\":\"Organization\",\"@id\":\"https:\/\/www.tibon.com.tr\/ar\/#organization\",\"name\":\"TIBON ELEKTRIK\",\"url\":\"https:\/\/www.tibon.com.tr\/ar\/\",\"logo\":{\"@type\":\"ImageObject\",\"inLanguage\":\"ru-RU\",\"@id\":\"https:\/\/www.tibon.com.tr\/ar\/#\/schema\/logo\/image\/\",\"url\":\"https:\/\/www.tibon.com.tr\/wp-content\/uploads\/2018\/09\/Logo2-e1539895011172.png\",\"contentUrl\":\"https:\/\/www.tibon.com.tr\/wp-content\/uploads\/2018\/09\/Logo2-e1539895011172.png\",\"width\":200,\"height\":69,\"caption\":\"TIBON ELEKTRIK\"},\"image\":{\"@id\":\"https:\/\/www.tibon.com.tr\/ar\/#\/schema\/logo\/image\/\"}}]}<\/script>\n<!-- \/ Yoast SEO plugin. -->","yoast_head_json":{"title":"TIBON | Rotary - Oven Selector Switches | Push Button Switches","description":"TIBON manufactures high quality, reliable electrical components such as rotary switches, push button switches, rocker switches and safety cutout switches.","robots":{"index":"index","follow":"follow","max-snippet":"max-snippet:-1","max-image-preview":"max-image-preview:large","max-video-preview":"max-video-preview:-1"},"canonical":"https:\/\/www.tibon.com.tr\/ru\/","og_locale":"ru_RU","og_type":"article","og_title":"TIBON | Rotary - Oven Selector Switches | Push Button Switches","og_description":"TIBON manufactures high quality, reliable electrical components such as rotary switches, push button switches, rocker switches and safety cutout switches.","og_url":"https:\/\/www.tibon.com.tr\/ru\/","og_site_name":"TIBON","article_modified_time":"2025-01-10T08:19:20+00:00","twitter_card":"summary_large_image","twitter_misc":{"\u041f\u0440\u0438\u043c\u0435\u0440\u043d\u043e\u0435 \u0432\u0440\u0435\u043c\u044f \u0434\u043b\u044f \u0447\u0442\u0435\u043d\u0438\u044f":"2 \u043c\u0438\u043d\u0443\u0442\u044b"},"schema":{"@context":"https:\/\/schema.org","@graph":[{"@type":"WebPage","@id":"https:\/\/www.tibon.com.tr\/","url":"https:\/\/www.tibon.com.tr\/","name":"TIBON | Rotary - Oven Selector Switches | Push Button Switches","isPartOf":{"@id":"https:\/\/www.tibon.com.tr\/ar\/#website"},"datePublished":"2019-02-22T19:51:00+00:00","dateModified":"2025-01-10T08:19:20+00:00","description":"TIBON manufactures high quality, reliable electrical components such as rotary switches, push button switches, rocker switches and safety cutout switches.","breadcrumb":{"@id":"https:\/\/www.tibon.com.tr\/#breadcrumb"},"inLanguage":"ru-RU","potentialAction":[{"@type":"ReadAction","target":["https:\/\/www.tibon.com.tr\/"]}]},{"@type":"BreadcrumbList","@id":"https:\/\/www.tibon.com.tr\/#breadcrumb","itemListElement":[{"@type":"ListItem","position":1,"name":"Home","item":"https:\/\/www.tibon.com.tr\/"},{"@type":"ListItem","position":2,"name":"Homepage"}]},{"@type":"WebSite","@id":"https:\/\/www.tibon.com.tr\/ar\/#website","url":"https:\/\/www.tibon.com.tr\/ar\/","name":"TIBON","description":"TIBON ELEKTRIK","publisher":{"@id":"https:\/\/www.tibon.com.tr\/ar\/#organization"},"potentialAction":[{"@type":"SearchAction","target":{"@type":"EntryPoint","urlTemplate":"https:\/\/www.tibon.com.tr\/ar\/?s={search_term_string}"},"query-input":{"@type":"PropertyValueSpecification","valueRequired":true,"valueName":"search_term_string"}}],"inLanguage":"ru-RU"},{"@type":"Organization","@id":"https:\/\/www.tibon.com.tr\/ar\/#organization","name":"TIBON ELEKTRIK","url":"https:\/\/www.tibon.com.tr\/ar\/","logo":{"@type":"ImageObject","inLanguage":"ru-RU","@id":"https:\/\/www.tibon.com.tr\/ar\/#\/schema\/logo\/image\/","url":"https:\/\/www.tibon.com.tr\/wp-content\/uploads\/2018\/09\/Logo2-e1539895011172.png","contentUrl":"https:\/\/www.tibon.com.tr\/wp-content\/uploads\/2018\/09\/Logo2-e1539895011172.png","width":200,"height":69,"caption":"TIBON ELEKTRIK"},"image":{"@id":"https:\/\/www.tibon.com.tr\/ar\/#\/schema\/logo\/image\/"}}]}},"_links":{"self":[{"href":"https:\/\/www.tibon.com.tr\/ru\/wp-json\/wp\/v2\/pages\/2488","targetHints":{"allow":["GET"]}}],"collection":[{"href":"https:\/\/www.tibon.com.tr\/ru\/wp-json\/wp\/v2\/pages"}],"about":[{"href":"https:\/\/www.tibon.com.tr\/ru\/wp-json\/wp\/v2\/types\/page"}],"author":[{"embeddable":true,"href":"https:\/\/www.tibon.com.tr\/ru\/wp-json\/wp\/v2\/users\/1"}],"replies":[{"embeddable":true,"href":"https:\/\/www.tibon.com.tr\/ru\/wp-json\/wp\/v2\/comments?post=2488"}],"version-history":[{"count":156,"href":"https:\/\/www.tibon.com.tr\/ru\/wp-json\/wp\/v2\/pages\/2488\/revisions"}],"predecessor-version":[{"id":17732,"href":"https:\/\/www.tibon.com.tr\/ru\/wp-json\/wp\/v2\/pages\/2488\/revisions\/17732"}],"wp:attachment":[{"href":"https:\/\/www.tibon.com.tr\/ru\/wp-json\/wp\/v2\/media?parent=2488"}],"curies":[{"name":"wp","href":"https:\/\/api.w.org\/{rel}","templated":true}]}}