{"id":23,"date":"2018-09-22T09:24:38","date_gmt":"2018-09-22T09:24:38","guid":{"rendered":"http:\/\/localhost:8888\/?page_id=23"},"modified":"2020-02-17T07:00:02","modified_gmt":"2020-02-17T06:00:02","slug":"about","status":"publish","type":"page","link":"https:\/\/www.tibon.com.tr\/ru\/about\/","title":{"rendered":"\u041e \u043d\u0430\u0441"},"content":{"rendered":"<div id=\"pl-23\"  class=\"panel-layout\" ><div id=\"pg-23-0\"  class=\"panel-grid panel-no-style\" ><div id=\"pgc-23-0-0\"  class=\"panel-grid-cell\" ><div id=\"panel-23-0-0-0\" class=\"so-panel widget widget_sow-editor panel-first-child panel-last-child\" data-index=\"0\" ><div\n\t\t\t\n\t\t\tclass=\"so-widget-sow-editor so-widget-sow-editor-base\"\n\t\t\t\n\t\t>\n<div class=\"siteorigin-widget-tinymce textwidget\">\n\t<h3 style=\"text-align: center;\">\u041e \u043d\u0430\u0441<\/h3>\n<p class=\"p1\"><img loading=\"lazy\" decoding=\"async\" class=\"alignleft wp-image-2380\" src=\"http:\/\/www.tibon.com.tr\/wp-content\/uploads\/2019\/01\/FactoryEntrance-e1550866623891.png\" alt=\"Factory Main Entrance\" width=\"400\" height=\"233\" srcset=\"https:\/\/www.tibon.com.tr\/wp-content\/uploads\/2019\/01\/FactoryEntrance-e1550866623891.png 600w, https:\/\/www.tibon.com.tr\/wp-content\/uploads\/2019\/01\/FactoryEntrance-e1550866623891-300x175.png 300w\" sizes=\"auto, (max-width: 400px) 100vw, 400px\" \/><\/p>\n<p>TIBON has been founded in 2008, with more than 30 years of experience in manufacturing electrical and plastic components.<\/p>\n<p><span class=\"s1\">Our production line primarily manufactures Rotary switches, Push button switches, Rocker switches and Safety cut out switches.\u00a0<\/span><span class=\"s1\">The main use of our products is in household appliances (Cooking, Heating, Washing, etc).<\/span><\/p>\n<p><span class=\"s1\">Increased flexibility allows us to satisfy specific requests by customizing our products to suit customers\u2019 needs. A variety of raw materials and\/or design ensures that while keeping our high-quality standards, we get the job done.\u00a0<\/span><\/p>\n<p><span class=\"s1\">Our customer satisfaction policy, established from the very beginning, has played a major role in becoming a well-recognized brand in Domestic market. The very same principle was applied to International customers, leading to our presence in different markets worldwide and widely appreciated products.\u00a0<\/span><\/p>\n<p><span class=\"s1\">Investment in R&amp;D guarantees continuous products\u2019 development often in a pro-active manner. A high degree of production automation is at the base of our high-quality standard and excellent value for money ratio. <\/span><\/p>\n<p><span class=\"s1\">TIBON holds ISO 9001:2015 quality system certificate and our overall operation complies with the guidelines of the standard. Our products are TUV Rheinland certified to comply with global standards.\u00a0<\/span><\/p>\n<p><span class=\"s1\">Prior to introducing a product for mass production, it undergoes extensive testing in conditions much harsher than it will probably ever encounter. This makes certain that once a product is in production line, it will pass with flying colors through the different levels of quality control that must undergo before being approved as ready for dispatch to customers.\u00a0<\/span><\/p>\n<p><span class=\"s1\">Our core value is Customer Satisfaction. To that end not only our products are of high quality standards but our B2B relations follow the same pattern.\u00a0<\/span><\/p>\n<p><span class=\"s1\">We Design, Produce, Ship, Collaborate under one label : QUALITY<\/span><\/p>\n<p>&nbsp;<\/p>\n<\/div>\n<\/div><\/div><\/div><\/div><div id=\"pg-23-1\"  class=\"panel-grid panel-no-style\" ><div id=\"pgc-23-1-0\"  class=\"panel-grid-cell\" ><div id=\"panel-23-1-0-0\" class=\"so-panel widget widget_sow-editor panel-first-child panel-last-child\" data-index=\"1\" ><div\n\t\t\t\n\t\t\tclass=\"so-widget-sow-editor so-widget-sow-editor-base\"\n\t\t\t\n\t\t>\n<div class=\"siteorigin-widget-tinymce textwidget\">\n\t<h3 style=\"text-align: center;\">Quality Policy<\/h3>\n<p><img loading=\"lazy\" decoding=\"async\" class=\"alignleft wp-image-198\" src=\"http:\/\/www.tibon.com.tr\/wp-content\/uploads\/2018\/09\/IMG_4080-1170x450@2x-e1538485191141.jpg\" alt=\"Lab Wide Angle\" width=\"400\" height=\"269\" srcset=\"https:\/\/www.tibon.com.tr\/wp-content\/uploads\/2018\/09\/IMG_4080-1170x450@2x-e1538485191141.jpg 486w, https:\/\/www.tibon.com.tr\/wp-content\/uploads\/2018\/09\/IMG_4080-1170x450@2x-e1538485191141-300x202.jpg 300w, https:\/\/www.tibon.com.tr\/wp-content\/uploads\/2018\/09\/IMG_4080-1170x450@2x-e1538485191141-272x182.jpg 272w\" sizes=\"auto, (max-width: 400px) 100vw, 400px\" \/>As Tibon Elektrik, we\u2019re targeting to set-up quality systems that will comply with ISO 9001 standard &amp; apply the needs at the highest level.<\/p>\n<p>Our main policy is to keep our customer satisfaction at the highest level with product and service quality and to continuously improve our products and processes in order to increase our efficiency and competitiveness in order to move our Company forward.<\/p>\n<p>In order to realize our quality policy, we aim to identify and measure the needs and expectations of our customers, manufacturers and suppliers regarding our products and activities &amp; to concentrate on error-free process design and to progress in this direction<\/p>\n<p>In the Company, it is an important part of our quality policy to provide the appropriate working environment and conditions for our employees, to encourage employees to participate in the processes and to encourage teamwork.<\/p>\n<p><strong>While doing these; We take into account the Legal Terms and Risk Analysis.<\/strong><\/p>\n<p>In this direction; with its quality, customer-oriented work and the value it gives to its employees we are progressing to make the Tibon a reliable brand both locally &amp; internationally.<\/p>\n<p>&nbsp;<\/p>\n<\/div>\n<\/div><\/div><\/div><\/div><div id=\"pg-23-2\"  class=\"panel-grid panel-has-style\" ><div class=\"siteorigin-panels-stretch panel-row-style panel-row-style-for-23-2\" id=\"contact\" data-stretch-type=\"full\" ><div id=\"pgc-23-2-0\"  class=\"panel-grid-cell\" ><div id=\"panel-23-2-0-0\" class=\"so-panel widget widget_sow-editor panel-first-child panel-last-child\" data-index=\"2\" ><div id=\"contact\" class=\"panel-widget-style panel-widget-style-for-23-2-0-0\" ><div\n\t\t\t\n\t\t\tclass=\"so-widget-sow-editor so-widget-sow-editor-base\"\n\t\t\t\n\t\t>\n<div class=\"siteorigin-widget-tinymce textwidget\">\n\t<p><div class=\"su-gmap su-u-responsive-media-yes\"><iframe loading=\"lazy\" width=\"400\" height=\"300\" src=\"\/\/maps.google.com\/maps?q=Mimar%20Sinan%20Mahallesi%20%C3%96zg%C3%BCrl%C3%BCk%20Caddesi%20No%3A9%2034935%20Sultanbeyli%20%2F%20%C4%B0STANBUL&amp;output=embed\" title=\"\"><\/iframe><\/div>\n<\/p>\n<p>&nbsp;<\/p>\n<\/div>\n<\/div><\/div><\/div><\/div><div id=\"pgc-23-2-1\"  class=\"panel-grid-cell\" ><div id=\"panel-23-2-1-0\" class=\"so-panel widget widget_sow-editor panel-first-child panel-last-child\" data-index=\"3\" ><div class=\"panel-widget-style panel-widget-style-for-23-2-1-0\" ><div\n\t\t\t\n\t\t\tclass=\"so-widget-sow-editor so-widget-sow-editor-base\"\n\t\t\t\n\t\t>\n<div class=\"siteorigin-widget-tinymce textwidget\">\n\t<h4 style=\"padding-left: 30px;\"><strong>\u041a\u043e\u043d\u0442\u0430\u043a\u0442\u044b<\/strong><\/h4>\n<h6 style=\"padding-left: 30px;\"><strong>\u0410\u0434\u0440\u0435\u0441: Mimar Sinan Mahallesi \u00d6zg\u00fcrl\u00fck Caddesi No:9 34935 Sultanbeyli \/ \u0130STANBUL<\/strong><\/h6>\n<h6 style=\"padding-left: 30px;\"><strong>\u0422\u0435\u043b\u0435\u0444\u043e\u043d: + 90 216 669 12 31 - 32 - Fax : + 90 216 669 12 12<\/strong><\/h6>\n<h5 style=\"padding-left: 30px;\"><strong>\u0412\u043d\u0443\u0442\u0440\u0435\u043d\u043d\u0438\u0435 \u0437\u0430\u043f\u0440\u043e\u0441\u044b\u00a0<span style=\"text-decoration: underline;\"><a href=\"mailto:info@tibon.com.tr\">info@tibon.com.tr<\/a><\/span><\/strong><\/h5>\n<h5 style=\"padding-left: 30px;\"><strong>\u041c\u0435\u0436\u0434\u0443\u043d\u0430\u0440\u043e\u0434\u043d\u044b\u0435 \u0437\u0430\u043f\u0440\u043e\u0441\u044b <span style=\"text-decoration: underline;\"><a href=\"mailto:export@tibon.com.tr\">export@tibon.com.tr<\/a><\/span><\/strong><\/h5>\n<p>&nbsp;<\/p>\n<\/div>\n<\/div><\/div><\/div><\/div><\/div><\/div><\/div>","protected":false},"excerpt":{"rendered":"<p>About Us TIBON has been founded in 2008, with more than 30 years of experience in manufacturing electrical and plastic components. Our production line primarily manufactures Rotary switches, Push button switches, Rocker switches and Safety cut out switches.\u00a0The main use of our products is in household appliances (Cooking, Heating, Washing, etc). Increased flexibility allows us [&hellip;]<\/p>\n","protected":false},"author":1,"featured_media":0,"parent":0,"menu_order":0,"comment_status":"closed","ping_status":"closed","template":"","meta":{"footnotes":""},"class_list":["post-23","page","type-page","status-publish","hentry","post"],"yoast_head":"<!-- This site is optimized with the Yoast SEO plugin v26.4 - https:\/\/yoast.com\/wordpress\/plugins\/seo\/ -->\n<title>About | TIBON<\/title>\n<meta name=\"description\" content=\"TIBON manufactures high quality, reliable electrical components such as rotary switches, push button switches, rocker switches and safety cutout switches.\" \/>\n<meta name=\"robots\" content=\"index, follow, max-snippet:-1, max-image-preview:large, max-video-preview:-1\" \/>\n<link rel=\"canonical\" href=\"https:\/\/www.tibon.com.tr\/ru\/about\/\" \/>\n<meta property=\"og:locale\" content=\"ru_RU\" \/>\n<meta property=\"og:type\" content=\"article\" \/>\n<meta property=\"og:title\" content=\"About | TIBON\" \/>\n<meta property=\"og:description\" content=\"TIBON manufactures high quality, reliable electrical components such as rotary switches, push button switches, rocker switches and safety cutout switches.\" \/>\n<meta property=\"og:url\" content=\"https:\/\/www.tibon.com.tr\/ru\/about\/\" \/>\n<meta property=\"og:site_name\" content=\"TIBON\" \/>\n<meta property=\"article:modified_time\" content=\"2020-02-17T06:00:02+00:00\" \/>\n<meta property=\"og:image\" content=\"http:\/\/www.tibon.com.tr\/wp-content\/uploads\/2019\/01\/FactoryEntrance-e1550866623891.png\" \/>\n<meta name=\"twitter:card\" content=\"summary_large_image\" \/>\n<meta name=\"twitter:label1\" content=\"\u041f\u0440\u0438\u043c\u0435\u0440\u043d\u043e\u0435 \u0432\u0440\u0435\u043c\u044f \u0434\u043b\u044f \u0447\u0442\u0435\u043d\u0438\u044f\" \/>\n\t<meta name=\"twitter:data1\" content=\"3 \u043c\u0438\u043d\u0443\u0442\u044b\" \/>\n<script type=\"application\/ld+json\" class=\"yoast-schema-graph\">{\"@context\":\"https:\/\/schema.org\",\"@graph\":[{\"@type\":\"WebPage\",\"@id\":\"https:\/\/www.tibon.com.tr\/about\/\",\"url\":\"https:\/\/www.tibon.com.tr\/about\/\",\"name\":\"About | TIBON\",\"isPartOf\":{\"@id\":\"https:\/\/www.tibon.com.tr\/ar\/#website\"},\"primaryImageOfPage\":{\"@id\":\"https:\/\/www.tibon.com.tr\/about\/#primaryimage\"},\"image\":{\"@id\":\"https:\/\/www.tibon.com.tr\/about\/#primaryimage\"},\"thumbnailUrl\":\"http:\/\/www.tibon.com.tr\/wp-content\/uploads\/2019\/01\/FactoryEntrance-e1550866623891.png\",\"datePublished\":\"2018-09-22T09:24:38+00:00\",\"dateModified\":\"2020-02-17T06:00:02+00:00\",\"description\":\"TIBON manufactures high quality, reliable electrical components such as rotary switches, push button switches, rocker switches and safety cutout switches.\",\"breadcrumb\":{\"@id\":\"https:\/\/www.tibon.com.tr\/about\/#breadcrumb\"},\"inLanguage\":\"ru-RU\",\"potentialAction\":[{\"@type\":\"ReadAction\",\"target\":[\"https:\/\/www.tibon.com.tr\/about\/\"]}]},{\"@type\":\"ImageObject\",\"inLanguage\":\"ru-RU\",\"@id\":\"https:\/\/www.tibon.com.tr\/about\/#primaryimage\",\"url\":\"http:\/\/www.tibon.com.tr\/wp-content\/uploads\/2019\/01\/FactoryEntrance-e1550866623891.png\",\"contentUrl\":\"http:\/\/www.tibon.com.tr\/wp-content\/uploads\/2019\/01\/FactoryEntrance-e1550866623891.png\"},{\"@type\":\"BreadcrumbList\",\"@id\":\"https:\/\/www.tibon.com.tr\/about\/#breadcrumb\",\"itemListElement\":[{\"@type\":\"ListItem\",\"position\":1,\"name\":\"Home\",\"item\":\"https:\/\/www.tibon.com.tr\/\"},{\"@type\":\"ListItem\",\"position\":2,\"name\":\"About\"}]},{\"@type\":\"WebSite\",\"@id\":\"https:\/\/www.tibon.com.tr\/ar\/#website\",\"url\":\"https:\/\/www.tibon.com.tr\/ar\/\",\"name\":\"TIBON\",\"description\":\"TIBON ELEKTRIK\",\"publisher\":{\"@id\":\"https:\/\/www.tibon.com.tr\/ar\/#organization\"},\"potentialAction\":[{\"@type\":\"SearchAction\",\"target\":{\"@type\":\"EntryPoint\",\"urlTemplate\":\"https:\/\/www.tibon.com.tr\/ar\/?s={search_term_string}\"},\"query-input\":{\"@type\":\"PropertyValueSpecification\",\"valueRequired\":true,\"valueName\":\"search_term_string\"}}],\"inLanguage\":\"ru-RU\"},{\"@type\":\"Organization\",\"@id\":\"https:\/\/www.tibon.com.tr\/ar\/#organization\",\"name\":\"TIBON ELEKTRIK\",\"url\":\"https:\/\/www.tibon.com.tr\/ar\/\",\"logo\":{\"@type\":\"ImageObject\",\"inLanguage\":\"ru-RU\",\"@id\":\"https:\/\/www.tibon.com.tr\/ar\/#\/schema\/logo\/image\/\",\"url\":\"https:\/\/www.tibon.com.tr\/wp-content\/uploads\/2018\/09\/Logo2-e1539895011172.png\",\"contentUrl\":\"https:\/\/www.tibon.com.tr\/wp-content\/uploads\/2018\/09\/Logo2-e1539895011172.png\",\"width\":200,\"height\":69,\"caption\":\"TIBON ELEKTRIK\"},\"image\":{\"@id\":\"https:\/\/www.tibon.com.tr\/ar\/#\/schema\/logo\/image\/\"}}]}<\/script>\n<!-- \/ Yoast SEO plugin. -->","yoast_head_json":{"title":"About | TIBON","description":"TIBON manufactures high quality, reliable electrical components such as rotary switches, push button switches, rocker switches and safety cutout switches.","robots":{"index":"index","follow":"follow","max-snippet":"max-snippet:-1","max-image-preview":"max-image-preview:large","max-video-preview":"max-video-preview:-1"},"canonical":"https:\/\/www.tibon.com.tr\/ru\/about\/","og_locale":"ru_RU","og_type":"article","og_title":"About | TIBON","og_description":"TIBON manufactures high quality, reliable electrical components such as rotary switches, push button switches, rocker switches and safety cutout switches.","og_url":"https:\/\/www.tibon.com.tr\/ru\/about\/","og_site_name":"TIBON","article_modified_time":"2020-02-17T06:00:02+00:00","og_image":[{"url":"http:\/\/www.tibon.com.tr\/wp-content\/uploads\/2019\/01\/FactoryEntrance-e1550866623891.png","type":"","width":"","height":""}],"twitter_card":"summary_large_image","twitter_misc":{"\u041f\u0440\u0438\u043c\u0435\u0440\u043d\u043e\u0435 \u0432\u0440\u0435\u043c\u044f \u0434\u043b\u044f \u0447\u0442\u0435\u043d\u0438\u044f":"3 \u043c\u0438\u043d\u0443\u0442\u044b"},"schema":{"@context":"https:\/\/schema.org","@graph":[{"@type":"WebPage","@id":"https:\/\/www.tibon.com.tr\/about\/","url":"https:\/\/www.tibon.com.tr\/about\/","name":"About | TIBON","isPartOf":{"@id":"https:\/\/www.tibon.com.tr\/ar\/#website"},"primaryImageOfPage":{"@id":"https:\/\/www.tibon.com.tr\/about\/#primaryimage"},"image":{"@id":"https:\/\/www.tibon.com.tr\/about\/#primaryimage"},"thumbnailUrl":"http:\/\/www.tibon.com.tr\/wp-content\/uploads\/2019\/01\/FactoryEntrance-e1550866623891.png","datePublished":"2018-09-22T09:24:38+00:00","dateModified":"2020-02-17T06:00:02+00:00","description":"TIBON manufactures high quality, reliable electrical components such as rotary switches, push button switches, rocker switches and safety cutout switches.","breadcrumb":{"@id":"https:\/\/www.tibon.com.tr\/about\/#breadcrumb"},"inLanguage":"ru-RU","potentialAction":[{"@type":"ReadAction","target":["https:\/\/www.tibon.com.tr\/about\/"]}]},{"@type":"ImageObject","inLanguage":"ru-RU","@id":"https:\/\/www.tibon.com.tr\/about\/#primaryimage","url":"http:\/\/www.tibon.com.tr\/wp-content\/uploads\/2019\/01\/FactoryEntrance-e1550866623891.png","contentUrl":"http:\/\/www.tibon.com.tr\/wp-content\/uploads\/2019\/01\/FactoryEntrance-e1550866623891.png"},{"@type":"BreadcrumbList","@id":"https:\/\/www.tibon.com.tr\/about\/#breadcrumb","itemListElement":[{"@type":"ListItem","position":1,"name":"Home","item":"https:\/\/www.tibon.com.tr\/"},{"@type":"ListItem","position":2,"name":"About"}]},{"@type":"WebSite","@id":"https:\/\/www.tibon.com.tr\/ar\/#website","url":"https:\/\/www.tibon.com.tr\/ar\/","name":"TIBON","description":"TIBON ELEKTRIK","publisher":{"@id":"https:\/\/www.tibon.com.tr\/ar\/#organization"},"potentialAction":[{"@type":"SearchAction","target":{"@type":"EntryPoint","urlTemplate":"https:\/\/www.tibon.com.tr\/ar\/?s={search_term_string}"},"query-input":{"@type":"PropertyValueSpecification","valueRequired":true,"valueName":"search_term_string"}}],"inLanguage":"ru-RU"},{"@type":"Organization","@id":"https:\/\/www.tibon.com.tr\/ar\/#organization","name":"TIBON ELEKTRIK","url":"https:\/\/www.tibon.com.tr\/ar\/","logo":{"@type":"ImageObject","inLanguage":"ru-RU","@id":"https:\/\/www.tibon.com.tr\/ar\/#\/schema\/logo\/image\/","url":"https:\/\/www.tibon.com.tr\/wp-content\/uploads\/2018\/09\/Logo2-e1539895011172.png","contentUrl":"https:\/\/www.tibon.com.tr\/wp-content\/uploads\/2018\/09\/Logo2-e1539895011172.png","width":200,"height":69,"caption":"TIBON ELEKTRIK"},"image":{"@id":"https:\/\/www.tibon.com.tr\/ar\/#\/schema\/logo\/image\/"}}]}},"_links":{"self":[{"href":"https:\/\/www.tibon.com.tr\/ru\/wp-json\/wp\/v2\/pages\/23","targetHints":{"allow":["GET"]}}],"collection":[{"href":"https:\/\/www.tibon.com.tr\/ru\/wp-json\/wp\/v2\/pages"}],"about":[{"href":"https:\/\/www.tibon.com.tr\/ru\/wp-json\/wp\/v2\/types\/page"}],"author":[{"embeddable":true,"href":"https:\/\/www.tibon.com.tr\/ru\/wp-json\/wp\/v2\/users\/1"}],"replies":[{"embeddable":true,"href":"https:\/\/www.tibon.com.tr\/ru\/wp-json\/wp\/v2\/comments?post=23"}],"version-history":[{"count":200,"href":"https:\/\/www.tibon.com.tr\/ru\/wp-json\/wp\/v2\/pages\/23\/revisions"}],"predecessor-version":[{"id":2829,"href":"https:\/\/www.tibon.com.tr\/ru\/wp-json\/wp\/v2\/pages\/23\/revisions\/2829"}],"wp:attachment":[{"href":"https:\/\/www.tibon.com.tr\/ru\/wp-json\/wp\/v2\/media?parent=23"}],"curies":[{"name":"wp","href":"https:\/\/api.w.org\/{rel}","templated":true}]}}